{"id":266,"date":"2022-03-17T09:57:25","date_gmt":"2022-03-17T08:57:25","guid":{"rendered":"https:\/\/norwel.no\/about\/styret\/"},"modified":"2025-03-20T09:56:56","modified_gmt":"2025-03-20T08:56:56","slug":"board","status":"publish","type":"page","link":"https:\/\/norwel.no\/en\/about\/board\/","title":{"rendered":"Board"},"content":{"rendered":"\n<h1 class=\"wp-block-heading\">Board <\/h1>\n\n\n\n<figure class=\"wp-block-table is-style-stripes\"><table><tbody><tr><td>Bente Kojan<\/td><td><a href=\"mailto:bente.h.kojan@ntnu.no\">bente.h.kojan@ntnu.no<\/a>&nbsp;<\/td><td><a href=\"https:\/\/www.ntnu.no\/ansatte\/bente.h.kojan\">NTNU &#8211; se ansattinfo<\/a><\/td><\/tr><tr><td>Eirunn Lys\u00f8<\/td><td><a href=\"mailto:eirunn.lyso@bufdir.no\">eirunn.lyso@bufdir.no<\/a>&nbsp;<\/td><td>Bufdir<\/td><\/tr><tr><td>Anne-Cathrine Grambo<\/td><td><a href=\"mailto:anne-cathrine.grambo@nav.no\">anne-cathrine.grambo@nav.no<\/a>&nbsp;<\/td><td>NAV<\/td><\/tr><tr><td>Bente \u00d8degaard<\/td><td><a href=\"mailto:bente.odegaard@nav.no\">bente.odegaard@nav.no<\/a>&nbsp;<\/td><td>NAV<\/td><\/tr><tr><td>Janne Ingebrigtsen<\/td><td><a href=\"mailto:janne.ingebrigtsen@nav.no\">janne.ingebrigtsen@nav.no<\/a><\/td><td>NAV Troms\u00f8<\/td><\/tr><tr><td>Hilde Bremnes<\/td><td><a href=\"mailto:hilde.bremnes@statsforvalteren.no\">hilde.bremnes@statsforvalteren.no<\/a><\/td><td>Statsforvalteren i Troms og Finnmark<\/td><\/tr><tr><td>Ingvild Dahl<\/td><td><a href=\"mailto:ingvild.dahl@trondheim.kommune.no\">ingvild.dahl@trondheim.kommune.no<\/a>&nbsp;<\/td><td>Trondheim kommune<\/td><\/tr><tr><td>Ann Kirsti Brustad<\/td><td><a href=\"mailto:ann.kirsti@bikuben.net\">ann.kirsti@bikuben.net<\/a>&nbsp;<\/td><td>Velferdsalliansen&nbsp;<\/td><\/tr><tr><td>Synn\u00f8ve Andersen<\/td><td><a href=\"mailto:synnove.t.andersen@uit.no\">synnove.t.andersen@uit.no<\/a><\/td><td><a href=\"https:\/\/uit.no\/ansatte\/person?p_document_id=345830\">UiT &#8211; se ansattinfo<\/a><\/td><\/tr><tr><td>Marit Isaksen<\/td><td><a href=\"mailto:marit@fo.no\" data-type=\"mailto\" data-id=\"mailto:marit@fo.no\" target=\"_blank\" rel=\"noreferrer noopener\">marit@fo.no<\/a><\/td><td>Fellesorganisasjonen (FO)<\/td><\/tr><tr><td>Marko Valenta<\/td><td><a href=\"mailto:marko.valenta@ntnu.no\" target=\"_blank\" rel=\"noreferrer noopener\">marko.valenta@ntnu.no<\/a> <\/td><td><a href=\"https:\/\/www.ntnu.edu\/employees\/marko.valenta\" target=\"_blank\" rel=\"noreferrer noopener\">NTNU &#8211; se ansattinfo<\/a><\/td><\/tr><tr><td>Johanna Marie Eriksen<\/td><td><a href=\"mailto:johanna@press.no\" target=\"_blank\" rel=\"noreferrer noopener\">johanna@press.no<\/a><\/td><td>Press &#8211; Redd Barna Ungdom<\/td><\/tr><tr><td>Cecilie Reed<\/td><td><a href=\"mailto:cecilie.reed@modum.kommune.no\" target=\"_blank\" rel=\"noreferrer noopener\">cecilie.reed@modum.kommune.no<\/a><\/td><td><a href=\"https:\/\/norwel.no\/en\/personer\/cecilie-reed\/\" target=\"_blank\" rel=\"noreferrer noopener\">Student representative<\/a><\/td><\/tr><tr><td>Jeanette Iren Pedersen<\/td><td><a href=\"mailto:jeanette.i.pedersen@nord.no\" target=\"_blank\" rel=\"noreferrer noopener\">jeanette.i.pedersen@nord.no<\/a><\/td><td><a href=\"https:\/\/norwel.no\/en\/personer\/jeanette-pedersen\/\" target=\"_blank\" rel=\"noreferrer noopener\">Student representative<\/a><\/td><\/tr><tr><td>Nina R\u00f8kkum<\/td><td><a href=\"mailto:nina.rokkum@ntnu.no\" target=\"_blank\" rel=\"noreferrer noopener\">nina.rokkum@ntnu.no<\/a><\/td><td><a href=\"https:\/\/norwel.no\/en\/personer\/nina-helen-aas-rokkum\/\" target=\"_blank\" rel=\"noreferrer noopener\">Student representative<\/a><\/td><\/tr><\/tbody><\/table><\/figure>\n","protected":false},"excerpt":{"rendered":"<p>Board Bente Kojan bente.h.kojan@ntnu.no&nbsp; NTNU &#8211; se ansattinfo Eirunn Lys\u00f8 eirunn.lyso@bufdir.no&nbsp; Bufdir Anne-Cathrine Grambo anne-cathrine.grambo@nav.no&nbsp; NAV Bente \u00d8degaard bente.odegaard@nav.no&nbsp; NAV Janne Ingebrigtsen janne.ingebrigtsen@nav.no NAV Troms\u00f8 Hilde Bremnes hilde.bremnes@statsforvalteren.no Statsforvalteren i Troms og Finnmark Ingvild Dahl ingvild.dahl@trondheim.kommune.no&nbsp; Trondheim kommune Ann Kirsti Brustad ann.kirsti@bikuben.net&nbsp; Velferdsalliansen&nbsp; Synn\u00f8ve Andersen synnove.t.andersen@uit.no UiT &#8211; se ansattinfo Marit Isaksen marit@fo.no Fellesorganisasjonen (FO) [&hellip;]<\/p>\n","protected":false},"author":1,"featured_media":0,"parent":207,"menu_order":0,"comment_status":"closed","ping_status":"closed","template":"","meta":{"_acf_changed":false,"footnotes":""},"class_list":["post-266","page","type-page","status-publish"],"acf":[],"_links":{"self":[{"href":"https:\/\/norwel.no\/en\/wp-json\/wp\/v2\/pages\/266","targetHints":{"allow":["GET"]}}],"collection":[{"href":"https:\/\/norwel.no\/en\/wp-json\/wp\/v2\/pages"}],"about":[{"href":"https:\/\/norwel.no\/en\/wp-json\/wp\/v2\/types\/page"}],"author":[{"embeddable":true,"href":"https:\/\/norwel.no\/en\/wp-json\/wp\/v2\/users\/1"}],"replies":[{"embeddable":true,"href":"https:\/\/norwel.no\/en\/wp-json\/wp\/v2\/comments?post=266"}],"version-history":[{"count":3,"href":"https:\/\/norwel.no\/en\/wp-json\/wp\/v2\/pages\/266\/revisions"}],"predecessor-version":[{"id":2935,"href":"https:\/\/norwel.no\/en\/wp-json\/wp\/v2\/pages\/266\/revisions\/2935"}],"up":[{"embeddable":true,"href":"https:\/\/norwel.no\/en\/wp-json\/wp\/v2\/pages\/207"}],"wp:attachment":[{"href":"https:\/\/norwel.no\/en\/wp-json\/wp\/v2\/media?parent=266"}],"curies":[{"name":"wp","href":"https:\/\/api.w.org\/{rel}","templated":true}]}}